{"id":33,"date":"2023-04-26T14:35:17","date_gmt":"2023-04-26T12:35:17","guid":{"rendered":"https:\/\/koerper-seele.php-strauss.de\/?page_id=33"},"modified":"2023-06-27T17:19:58","modified_gmt":"2023-06-27T15:19:58","slug":"burnout","status":"publish","type":"page","link":"https:\/\/positiv-coaching.eu\/tr\/burnout\/","title":{"rendered":"T\u00fckenmi\u015flik sendromu"},"content":{"rendered":"\n<p>Fiziksel Belirtileri:<\/p>\n\n\n\n<ul>\n<li>Yorgun\/ bitkin hissetme<\/li>\n\n\n\n<li>Uyku problemleri (Uyanmakta veya uyumada zorluk ya\u015fama)<\/li>\n\n\n\n<li>S\u0131k s\u0131k hasta olma<\/li>\n\n\n\n<li>Kas ve beden a\u011fr\u0131lar\u0131 (S\u0131rt, boyun, bacak vs.)<\/li>\n\n\n\n<li>Enerjik olamama<\/li>\n\n\n\n<li>G\u00fc\u00e7s\u00fcz hissetme<\/li>\n\n\n\n<li>Kalp at\u0131\u015f\u0131nda art\u0131\u015f<\/li>\n\n\n\n<li>Soluk al\u0131p vermede zorluk<\/li>\n\n\n\n<li>ya\u015fama Sindirim sistemiyle ilgili rahats\u0131zl\u0131klar (\u00f6zellikle mide)<\/li>\n\n\n\n<li>Ba\u015f a\u011fr\u0131s\u0131 \u0130\u015fe gitmemek i\u00e7in s\u0131k s\u0131k rapor alma Kurallara uymak istememe<\/li>\n<\/ul>\n\n\n\n<p>Zihinsel Belirtileri:<\/p>\n\n\n\n<ul>\n<li>Karars\u0131zl\u0131k \u015e\u00fcphecilik<\/li>\n\n\n\n<li>Erteleyici davran\u0131\u015flar<\/li>\n\n\n\n<li>\u00d6nceki ya\u015famda sevdi\u011fi ve ilgi duydu\u011fu etkinliklerden art\u0131k zevk alamama ve \u00e7abuk s\u0131k\u0131lma \u2013<\/li>\n\n\n\n<li>Dikkat eksikli\u011fi<\/li>\n\n\n\n<li>Unutkan olma<\/li>\n\n\n\n<li>Konsantrasyon sorunu<\/li>\n\n\n\n<li>Negatif ve olumsuz d\u00fc\u015f\u00fcncelere sahip olma<\/li>\n\n\n\n<li>Ba\u015far\u0131s\u0131zl\u0131k hissi<\/li>\n<\/ul>\n\n\n\n<p>Duygusal Belirtiler:<\/p>\n\n\n\n<ul>\n<li>\u00c7aresizlik hissi<\/li>\n\n\n\n<li>Kolay \u00f6fkelenme<\/li>\n\n\n\n<li>A\u015f\u0131r\u0131 sinirlilik<\/li>\n\n\n\n<li>Keyif alamama<\/li>\n\n\n\n<li>Hayal k\u0131r\u0131kl\u0131\u011f\u0131<\/li>\n\n\n\n<li>Kendini yetersiz ve de\u011fersiz g\u00f6rme<\/li>\n\n\n\n<li>Ele\u015ftirilere kar\u015f\u0131 hassas olma- al\u0131nganl\u0131k<\/li>\n\n\n\n<li>\u00dcmitsizlik \u0130\u00e7e kapanma<\/li>\n\n\n\n<li>Sosyal \u00e7evresine kar\u015f\u0131 yabanc\u0131la\u015fma<\/li>\n\n\n\n<li>Kendisine kar\u015f\u0131 sayg\u0131 duymam<\/li>\n<\/ul>\n","protected":false},"excerpt":{"rendered":"<p>Fiziksel Belirtileri: Zihinsel Belirtileri: Duygusal Belirtiler:<\/p>\n","protected":false},"author":1,"featured_media":169,"parent":0,"menu_order":0,"comment_status":"closed","ping_status":"closed","template":"","meta":[],"yoast_head":"<!-- This site is optimized with the Yoast SEO plugin v20.10 - https:\/\/yoast.com\/wordpress\/plugins\/seo\/ -->\n<title>T\u00fckenmi\u015flik sendromu - Positiv Coaching<\/title>\n<meta name=\"robots\" content=\"index, follow, max-snippet:-1, max-image-preview:large, max-video-preview:-1\" \/>\n<link rel=\"canonical\" href=\"https:\/\/positiv-coaching.eu\/burnout\/\" \/>\n<meta property=\"og:locale\" content=\"tr_TR\" \/>\n<meta property=\"og:type\" content=\"article\" \/>\n<meta property=\"og:title\" content=\"T\u00fckenmi\u015flik sendromu\" \/>\n<meta property=\"og:description\" content=\"Fiziksel Belirtileri: Zihinsel Belirtileri: Duygusal Belirtiler:\" \/>\n<meta property=\"og:url\" content=\"https:\/\/positiv-coaching.eu\/burnout\/\" \/>\n<meta property=\"og:site_name\" content=\"Positiv Coaching\" \/>\n<meta property=\"article:modified_time\" content=\"2023-06-27T15:19:58+00:00\" \/>\n<meta property=\"og:image\" content=\"https:\/\/positiv-coaching.eu\/wp-content\/uploads\/2023\/05\/Burnout.jpg\" \/>\n\t<meta property=\"og:image:width\" content=\"301\" \/>\n\t<meta property=\"og:image:height\" content=\"200\" \/>\n\t<meta property=\"og:image:type\" content=\"image\/jpeg\" \/>\n<meta name=\"twitter:card\" content=\"summary_large_image\" \/>\n<meta name=\"twitter:label1\" content=\"Tahmini okuma s\u00fcresi\" \/>\n\t<meta name=\"twitter:data1\" content=\"2 dakika\" \/>\n<script type=\"application\/ld+json\" class=\"yoast-schema-graph\">{\"@context\":\"https:\/\/schema.org\",\"@graph\":[{\"@type\":\"WebPage\",\"@id\":\"https:\/\/positiv-coaching.eu\/burnout\/\",\"url\":\"https:\/\/positiv-coaching.eu\/burnout\/\",\"name\":\"[:de]Burnout[:tr]T\u00fckenmi\u015flik sendromu[:] - Positiv Coaching\",\"isPartOf\":{\"@id\":\"https:\/\/positiv-coaching.eu\/#website\"},\"datePublished\":\"2023-04-26T12:35:17+00:00\",\"dateModified\":\"2023-06-27T15:19:58+00:00\",\"breadcrumb\":{\"@id\":\"https:\/\/positiv-coaching.eu\/burnout\/#breadcrumb\"},\"inLanguage\":\"tr-TR\",\"potentialAction\":[{\"@type\":\"ReadAction\",\"target\":[\"https:\/\/positiv-coaching.eu\/burnout\/\"]}]},{\"@type\":\"BreadcrumbList\",\"@id\":\"https:\/\/positiv-coaching.eu\/burnout\/#breadcrumb\",\"itemListElement\":[{\"@type\":\"ListItem\",\"position\":1,\"name\":\"Startseite\",\"item\":\"https:\/\/positiv-coaching.eu\/\"},{\"@type\":\"ListItem\",\"position\":2,\"name\":\"Burnout\"}]},{\"@type\":\"WebSite\",\"@id\":\"https:\/\/positiv-coaching.eu\/#website\",\"url\":\"https:\/\/positiv-coaching.eu\/\",\"name\":\"Positiv Coaching\",\"description\":\"\",\"publisher\":{\"@id\":\"https:\/\/positiv-coaching.eu\/#\/schema\/person\/7fa6a33d5e304a2ca58df2e75bcddd98\"},\"potentialAction\":[{\"@type\":\"SearchAction\",\"target\":{\"@type\":\"EntryPoint\",\"urlTemplate\":\"https:\/\/positiv-coaching.eu\/?s={search_term_string}\"},\"query-input\":\"required name=search_term_string\"}],\"inLanguage\":\"tr-TR\"},{\"@type\":[\"Person\",\"Organization\"],\"@id\":\"https:\/\/positiv-coaching.eu\/#\/schema\/person\/7fa6a33d5e304a2ca58df2e75bcddd98\",\"name\":\"Serpil \u00d6zcim\",\"image\":{\"@type\":\"ImageObject\",\"inLanguage\":\"tr-TR\",\"@id\":\"https:\/\/positiv-coaching.eu\/#\/schema\/person\/image\/\",\"url\":\"https:\/\/positiv-coaching.eu\/wp-content\/uploads\/2023\/04\/cropped-cropped-Logo-removebg-preview-py5u1olhh4j06huoo3xa81gv76qv67fwo5xoa1k2ew.webp\",\"contentUrl\":\"https:\/\/positiv-coaching.eu\/wp-content\/uploads\/2023\/04\/cropped-cropped-Logo-removebg-preview-py5u1olhh4j06huoo3xa81gv76qv67fwo5xoa1k2ew.webp\",\"width\":512,\"height\":512,\"caption\":\"Serpil \u00d6zcim\"},\"logo\":{\"@id\":\"https:\/\/positiv-coaching.eu\/#\/schema\/person\/image\/\"},\"sameAs\":[\"https:\/\/positiv-coaching.eu\"]}]}<\/script>\n<!-- \/ Yoast SEO plugin. -->","yoast_head_json":{"title":"T\u00fckenmi\u015flik sendromu - Positiv Coaching","robots":{"index":"index","follow":"follow","max-snippet":"max-snippet:-1","max-image-preview":"max-image-preview:large","max-video-preview":"max-video-preview:-1"},"canonical":"https:\/\/positiv-coaching.eu\/burnout\/","og_locale":"tr_TR","og_type":"article","og_title":"[:de]Burnout[:tr]T\u00fckenmi\u015flik sendromu[:] - Positiv Coaching","og_description":"Fiziksel Belirtileri: Zihinsel Belirtileri: Duygusal Belirtiler:","og_url":"https:\/\/positiv-coaching.eu\/burnout\/","og_site_name":"Positiv Coaching","article_modified_time":"2023-06-27T15:19:58+00:00","og_image":[{"width":301,"height":200,"url":"https:\/\/positiv-coaching.eu\/wp-content\/uploads\/2023\/05\/Burnout.jpg","type":"image\/jpeg"}],"twitter_card":"summary_large_image","twitter_misc":{"Tahmini okuma s\u00fcresi":"2 dakika"},"schema":{"@context":"https:\/\/schema.org","@graph":[{"@type":"WebPage","@id":"https:\/\/positiv-coaching.eu\/burnout\/","url":"https:\/\/positiv-coaching.eu\/burnout\/","name":"[:de]Burnout[:tr]T\u00fckenmi\u015flik sendromu[:] - Positiv Coaching","isPartOf":{"@id":"https:\/\/positiv-coaching.eu\/#website"},"datePublished":"2023-04-26T12:35:17+00:00","dateModified":"2023-06-27T15:19:58+00:00","breadcrumb":{"@id":"https:\/\/positiv-coaching.eu\/burnout\/#breadcrumb"},"inLanguage":"tr-TR","potentialAction":[{"@type":"ReadAction","target":["https:\/\/positiv-coaching.eu\/burnout\/"]}]},{"@type":"BreadcrumbList","@id":"https:\/\/positiv-coaching.eu\/burnout\/#breadcrumb","itemListElement":[{"@type":"ListItem","position":1,"name":"Startseite","item":"https:\/\/positiv-coaching.eu\/"},{"@type":"ListItem","position":2,"name":"Burnout"}]},{"@type":"WebSite","@id":"https:\/\/positiv-coaching.eu\/#website","url":"https:\/\/positiv-coaching.eu\/","name":"Positiv Coaching","description":"","publisher":{"@id":"https:\/\/positiv-coaching.eu\/#\/schema\/person\/7fa6a33d5e304a2ca58df2e75bcddd98"},"potentialAction":[{"@type":"SearchAction","target":{"@type":"EntryPoint","urlTemplate":"https:\/\/positiv-coaching.eu\/?s={search_term_string}"},"query-input":"required name=search_term_string"}],"inLanguage":"tr-TR"},{"@type":["Person","Organization"],"@id":"https:\/\/positiv-coaching.eu\/#\/schema\/person\/7fa6a33d5e304a2ca58df2e75bcddd98","name":"Serpil \u00d6zcim","image":{"@type":"ImageObject","inLanguage":"tr-TR","@id":"https:\/\/positiv-coaching.eu\/#\/schema\/person\/image\/","url":"https:\/\/positiv-coaching.eu\/wp-content\/uploads\/2023\/04\/cropped-cropped-Logo-removebg-preview-py5u1olhh4j06huoo3xa81gv76qv67fwo5xoa1k2ew.webp","contentUrl":"https:\/\/positiv-coaching.eu\/wp-content\/uploads\/2023\/04\/cropped-cropped-Logo-removebg-preview-py5u1olhh4j06huoo3xa81gv76qv67fwo5xoa1k2ew.webp","width":512,"height":512,"caption":"Serpil \u00d6zcim"},"logo":{"@id":"https:\/\/positiv-coaching.eu\/#\/schema\/person\/image\/"},"sameAs":["https:\/\/positiv-coaching.eu"]}]}},"_links":{"self":[{"href":"https:\/\/positiv-coaching.eu\/tr\/wp-json\/wp\/v2\/pages\/33"}],"collection":[{"href":"https:\/\/positiv-coaching.eu\/tr\/wp-json\/wp\/v2\/pages"}],"about":[{"href":"https:\/\/positiv-coaching.eu\/tr\/wp-json\/wp\/v2\/types\/page"}],"author":[{"embeddable":true,"href":"https:\/\/positiv-coaching.eu\/tr\/wp-json\/wp\/v2\/users\/1"}],"replies":[{"embeddable":true,"href":"https:\/\/positiv-coaching.eu\/tr\/wp-json\/wp\/v2\/comments?post=33"}],"version-history":[{"count":5,"href":"https:\/\/positiv-coaching.eu\/tr\/wp-json\/wp\/v2\/pages\/33\/revisions"}],"predecessor-version":[{"id":224,"href":"https:\/\/positiv-coaching.eu\/tr\/wp-json\/wp\/v2\/pages\/33\/revisions\/224"}],"wp:featuredmedia":[{"embeddable":true,"href":"https:\/\/positiv-coaching.eu\/tr\/wp-json\/wp\/v2\/media\/169"}],"wp:attachment":[{"href":"https:\/\/positiv-coaching.eu\/tr\/wp-json\/wp\/v2\/media?parent=33"}],"curies":[{"name":"wp","href":"https:\/\/api.w.org\/{rel}","templated":true}]}}