{"id":227,"date":"2023-06-27T17:27:47","date_gmt":"2023-06-27T15:27:47","guid":{"rendered":"https:\/\/koerper-seele.php-strauss.de\/?page_id=227"},"modified":"2023-06-27T17:30:33","modified_gmt":"2023-06-27T15:30:33","slug":"online-beratung","status":"publish","type":"page","link":"https:\/\/positiv-coaching.eu\/tr\/online-beratung\/","title":{"rendered":"Online dan\u0131\u015fmanl\u0131\u011f\u0131"},"content":{"rendered":"\n<p>Internet ortam\u0131ndada t\u00fcm tavsiye ve destek hizmeti ger\u00e7ekle\u015fmektedir. Zoom aplikasiyon veya ba\u015fka bir uygulama kulanabilinir. Online dan\u0131\u015fmanl\u0131kta y\u00fcz y\u00fcze s\u00fcre\u00e7lerinde gizlilik esas\u0131 kesintisis ge\u00e7erlidir. G\u00f6r\u00fc\u015fme s\u00fcreleri, Randevu talebi gibi daha detayl\u0131 bilgiler i\u00e7in benimle ileti\u015fime ge\u00e7ebilirsiniz<\/p>\n","protected":false},"excerpt":{"rendered":"<p>Internet ortam\u0131ndada t\u00fcm tavsiye ve destek hizmeti ger\u00e7ekle\u015fmektedir. Zoom aplikasiyon veya ba\u015fka bir uygulama kulanabilinir. Online dan\u0131\u015fmanl\u0131kta y\u00fcz y\u00fcze s\u00fcre\u00e7lerinde gizlilik esas\u0131 kesintisis ge\u00e7erlidir. G\u00f6r\u00fc\u015fme s\u00fcreleri, Randevu talebi gibi daha detayl\u0131 bilgiler i\u00e7in benimle ileti\u015fime ge\u00e7ebilirsiniz<\/p>\n","protected":false},"author":1,"featured_media":0,"parent":0,"menu_order":0,"comment_status":"closed","ping_status":"closed","template":"","meta":[],"yoast_head":"<!-- This site is optimized with the Yoast SEO plugin v20.10 - https:\/\/yoast.com\/wordpress\/plugins\/seo\/ -->\n<title>Online dan\u0131\u015fmanl\u0131\u011f\u0131 - Positiv Coaching<\/title>\n<meta name=\"robots\" content=\"index, follow, max-snippet:-1, max-image-preview:large, max-video-preview:-1\" \/>\n<link rel=\"canonical\" href=\"https:\/\/positiv-coaching.eu\/online-beratung\/\" \/>\n<meta property=\"og:locale\" content=\"tr_TR\" \/>\n<meta property=\"og:type\" content=\"article\" \/>\n<meta property=\"og:title\" content=\"Online dan\u0131\u015fmanl\u0131\u011f\u0131\" \/>\n<meta property=\"og:description\" content=\"Internet ortam\u0131ndada t\u00fcm tavsiye ve destek hizmeti ger\u00e7ekle\u015fmektedir. Zoom aplikasiyon veya ba\u015fka bir uygulama kulanabilinir. Online dan\u0131\u015fmanl\u0131kta y\u00fcz y\u00fcze s\u00fcre\u00e7lerinde gizlilik esas\u0131 kesintisis ge\u00e7erlidir. G\u00f6r\u00fc\u015fme s\u00fcreleri, Randevu talebi gibi daha detayl\u0131 bilgiler i\u00e7in benimle ileti\u015fime ge\u00e7ebilirsiniz\" \/>\n<meta property=\"og:url\" content=\"https:\/\/positiv-coaching.eu\/online-beratung\/\" \/>\n<meta property=\"og:site_name\" content=\"Positiv Coaching\" \/>\n<meta property=\"article:modified_time\" content=\"2023-06-27T15:30:33+00:00\" \/>\n<meta name=\"twitter:card\" content=\"summary_large_image\" \/>\n<script type=\"application\/ld+json\" class=\"yoast-schema-graph\">{\"@context\":\"https:\/\/schema.org\",\"@graph\":[{\"@type\":\"WebPage\",\"@id\":\"https:\/\/positiv-coaching.eu\/online-beratung\/\",\"url\":\"https:\/\/positiv-coaching.eu\/online-beratung\/\",\"name\":\"[:de]Online Beratung[:tr]Online dan\u0131\u015fmanl\u0131\u011f\u0131[:] - Positiv Coaching\",\"isPartOf\":{\"@id\":\"https:\/\/positiv-coaching.eu\/#website\"},\"datePublished\":\"2023-06-27T15:27:47+00:00\",\"dateModified\":\"2023-06-27T15:30:33+00:00\",\"breadcrumb\":{\"@id\":\"https:\/\/positiv-coaching.eu\/online-beratung\/#breadcrumb\"},\"inLanguage\":\"tr-TR\",\"potentialAction\":[{\"@type\":\"ReadAction\",\"target\":[\"https:\/\/positiv-coaching.eu\/online-beratung\/\"]}]},{\"@type\":\"BreadcrumbList\",\"@id\":\"https:\/\/positiv-coaching.eu\/online-beratung\/#breadcrumb\",\"itemListElement\":[{\"@type\":\"ListItem\",\"position\":1,\"name\":\"Startseite\",\"item\":\"https:\/\/positiv-coaching.eu\/\"},{\"@type\":\"ListItem\",\"position\":2,\"name\":\"Online Beratung\"}]},{\"@type\":\"WebSite\",\"@id\":\"https:\/\/positiv-coaching.eu\/#website\",\"url\":\"https:\/\/positiv-coaching.eu\/\",\"name\":\"Positiv Coaching\",\"description\":\"\",\"publisher\":{\"@id\":\"https:\/\/positiv-coaching.eu\/#\/schema\/person\/7fa6a33d5e304a2ca58df2e75bcddd98\"},\"potentialAction\":[{\"@type\":\"SearchAction\",\"target\":{\"@type\":\"EntryPoint\",\"urlTemplate\":\"https:\/\/positiv-coaching.eu\/?s={search_term_string}\"},\"query-input\":\"required name=search_term_string\"}],\"inLanguage\":\"tr-TR\"},{\"@type\":[\"Person\",\"Organization\"],\"@id\":\"https:\/\/positiv-coaching.eu\/#\/schema\/person\/7fa6a33d5e304a2ca58df2e75bcddd98\",\"name\":\"Serpil \u00d6zcim\",\"image\":{\"@type\":\"ImageObject\",\"inLanguage\":\"tr-TR\",\"@id\":\"https:\/\/positiv-coaching.eu\/#\/schema\/person\/image\/\",\"url\":\"https:\/\/positiv-coaching.eu\/wp-content\/uploads\/2023\/04\/cropped-cropped-Logo-removebg-preview-py5u1olhh4j06huoo3xa81gv76qv67fwo5xoa1k2ew.webp\",\"contentUrl\":\"https:\/\/positiv-coaching.eu\/wp-content\/uploads\/2023\/04\/cropped-cropped-Logo-removebg-preview-py5u1olhh4j06huoo3xa81gv76qv67fwo5xoa1k2ew.webp\",\"width\":512,\"height\":512,\"caption\":\"Serpil \u00d6zcim\"},\"logo\":{\"@id\":\"https:\/\/positiv-coaching.eu\/#\/schema\/person\/image\/\"},\"sameAs\":[\"https:\/\/positiv-coaching.eu\"]}]}<\/script>\n<!-- \/ Yoast SEO plugin. -->","yoast_head_json":{"title":"Online dan\u0131\u015fmanl\u0131\u011f\u0131 - Positiv Coaching","robots":{"index":"index","follow":"follow","max-snippet":"max-snippet:-1","max-image-preview":"max-image-preview:large","max-video-preview":"max-video-preview:-1"},"canonical":"https:\/\/positiv-coaching.eu\/online-beratung\/","og_locale":"tr_TR","og_type":"article","og_title":"[:de]Online Beratung[:tr]Online dan\u0131\u015fmanl\u0131\u011f\u0131[:] - Positiv Coaching","og_description":"Internet ortam\u0131ndada t\u00fcm tavsiye ve destek hizmeti ger\u00e7ekle\u015fmektedir. Zoom aplikasiyon veya ba\u015fka bir uygulama kulanabilinir. Online dan\u0131\u015fmanl\u0131kta y\u00fcz y\u00fcze s\u00fcre\u00e7lerinde gizlilik esas\u0131 kesintisis ge\u00e7erlidir. G\u00f6r\u00fc\u015fme s\u00fcreleri, Randevu talebi gibi daha detayl\u0131 bilgiler i\u00e7in benimle ileti\u015fime ge\u00e7ebilirsiniz","og_url":"https:\/\/positiv-coaching.eu\/online-beratung\/","og_site_name":"Positiv Coaching","article_modified_time":"2023-06-27T15:30:33+00:00","twitter_card":"summary_large_image","schema":{"@context":"https:\/\/schema.org","@graph":[{"@type":"WebPage","@id":"https:\/\/positiv-coaching.eu\/online-beratung\/","url":"https:\/\/positiv-coaching.eu\/online-beratung\/","name":"[:de]Online Beratung[:tr]Online dan\u0131\u015fmanl\u0131\u011f\u0131[:] - Positiv Coaching","isPartOf":{"@id":"https:\/\/positiv-coaching.eu\/#website"},"datePublished":"2023-06-27T15:27:47+00:00","dateModified":"2023-06-27T15:30:33+00:00","breadcrumb":{"@id":"https:\/\/positiv-coaching.eu\/online-beratung\/#breadcrumb"},"inLanguage":"tr-TR","potentialAction":[{"@type":"ReadAction","target":["https:\/\/positiv-coaching.eu\/online-beratung\/"]}]},{"@type":"BreadcrumbList","@id":"https:\/\/positiv-coaching.eu\/online-beratung\/#breadcrumb","itemListElement":[{"@type":"ListItem","position":1,"name":"Startseite","item":"https:\/\/positiv-coaching.eu\/"},{"@type":"ListItem","position":2,"name":"Online Beratung"}]},{"@type":"WebSite","@id":"https:\/\/positiv-coaching.eu\/#website","url":"https:\/\/positiv-coaching.eu\/","name":"Positiv Coaching","description":"","publisher":{"@id":"https:\/\/positiv-coaching.eu\/#\/schema\/person\/7fa6a33d5e304a2ca58df2e75bcddd98"},"potentialAction":[{"@type":"SearchAction","target":{"@type":"EntryPoint","urlTemplate":"https:\/\/positiv-coaching.eu\/?s={search_term_string}"},"query-input":"required name=search_term_string"}],"inLanguage":"tr-TR"},{"@type":["Person","Organization"],"@id":"https:\/\/positiv-coaching.eu\/#\/schema\/person\/7fa6a33d5e304a2ca58df2e75bcddd98","name":"Serpil \u00d6zcim","image":{"@type":"ImageObject","inLanguage":"tr-TR","@id":"https:\/\/positiv-coaching.eu\/#\/schema\/person\/image\/","url":"https:\/\/positiv-coaching.eu\/wp-content\/uploads\/2023\/04\/cropped-cropped-Logo-removebg-preview-py5u1olhh4j06huoo3xa81gv76qv67fwo5xoa1k2ew.webp","contentUrl":"https:\/\/positiv-coaching.eu\/wp-content\/uploads\/2023\/04\/cropped-cropped-Logo-removebg-preview-py5u1olhh4j06huoo3xa81gv76qv67fwo5xoa1k2ew.webp","width":512,"height":512,"caption":"Serpil \u00d6zcim"},"logo":{"@id":"https:\/\/positiv-coaching.eu\/#\/schema\/person\/image\/"},"sameAs":["https:\/\/positiv-coaching.eu"]}]}},"_links":{"self":[{"href":"https:\/\/positiv-coaching.eu\/tr\/wp-json\/wp\/v2\/pages\/227"}],"collection":[{"href":"https:\/\/positiv-coaching.eu\/tr\/wp-json\/wp\/v2\/pages"}],"about":[{"href":"https:\/\/positiv-coaching.eu\/tr\/wp-json\/wp\/v2\/types\/page"}],"author":[{"embeddable":true,"href":"https:\/\/positiv-coaching.eu\/tr\/wp-json\/wp\/v2\/users\/1"}],"replies":[{"embeddable":true,"href":"https:\/\/positiv-coaching.eu\/tr\/wp-json\/wp\/v2\/comments?post=227"}],"version-history":[{"count":2,"href":"https:\/\/positiv-coaching.eu\/tr\/wp-json\/wp\/v2\/pages\/227\/revisions"}],"predecessor-version":[{"id":231,"href":"https:\/\/positiv-coaching.eu\/tr\/wp-json\/wp\/v2\/pages\/227\/revisions\/231"}],"wp:attachment":[{"href":"https:\/\/positiv-coaching.eu\/tr\/wp-json\/wp\/v2\/media?parent=227"}],"curies":[{"name":"wp","href":"https:\/\/api.w.org\/{rel}","templated":true}]}}